{"id":59,"date":"2026-02-23T12:31:34","date_gmt":"2026-02-23T15:31:34","guid":{"rendered":"https:\/\/cetamina.trialtech.com.br\/?page_id=59"},"modified":"2026-02-25T18:19:38","modified_gmt":"2026-02-25T21:19:38","slug":"tratamentos","status":"publish","type":"page","link":"https:\/\/cetamina.trialtech.com.br\/index.php\/tratamentos\/","title":{"rendered":"Tratamentos"},"content":{"rendered":"\t\t<div data-elementor-type=\"wp-page\" data-elementor-id=\"59\" class=\"elementor elementor-59\">\n\t\t\t\t\t\t<section class=\"elementor-section elementor-top-section elementor-element elementor-element-ebd9017 elementor-section-full_width elementor-section-height-min-height elementor-section-items-bottom elementor-section-height-default\" data-id=\"ebd9017\" data-element_type=\"section\" data-e-type=\"section\" data-settings=\"{&quot;background_background&quot;:&quot;slideshow&quot;,&quot;background_slideshow_gallery&quot;:[{&quot;id&quot;:536,&quot;url&quot;:&quot;https:\\\/\\\/cetamina.trialtech.com.br\\\/wp-content\\\/uploads\\\/2026\\\/02\\\/Banner-Tratamento-01.webp&quot;},{&quot;id&quot;:538,&quot;url&quot;:&quot;https:\\\/\\\/cetamina.trialtech.com.br\\\/wp-content\\\/uploads\\\/2026\\\/02\\\/Banner-Tratamento-03.webp&quot;},{&quot;id&quot;:537,&quot;url&quot;:&quot;https:\\\/\\\/cetamina.trialtech.com.br\\\/wp-content\\\/uploads\\\/2026\\\/02\\\/Banner-Tratamento-02.webp&quot;},{&quot;id&quot;:539,&quot;url&quot;:&quot;https:\\\/\\\/cetamina.trialtech.com.br\\\/wp-content\\\/uploads\\\/2026\\\/02\\\/Banner-Tratamento-04.webp&quot;}],&quot;background_slideshow_slide_duration&quot;:2000,&quot;background_slideshow_transition_duration&quot;:2000,&quot;background_slideshow_ken_burns&quot;:&quot;yes&quot;,&quot;background_slideshow_loop&quot;:&quot;yes&quot;,&quot;background_slideshow_slide_transition&quot;:&quot;fade&quot;,&quot;background_slideshow_ken_burns_zoom_direction&quot;:&quot;in&quot;}\">\n\t\t\t\t\t\t\t<div class=\"elementor-background-overlay\"><\/div>\n\t\t\t\t\t\t\t<div class=\"elementor-container elementor-column-gap-no\">\n\t\t\t\t\t<div class=\"elementor-column elementor-col-100 elementor-top-column elementor-element elementor-element-6c4507b\" data-id=\"6c4507b\" data-element_type=\"column\" data-e-type=\"column\">\n\t\t\t<div class=\"elementor-widget-wrap elementor-element-populated\">\n\t\t\t\t\t\t<div class=\"elementor-element elementor-element-04f92f7 elementor-widget elementor-widget-heading\" data-id=\"04f92f7\" data-element_type=\"widget\" data-e-type=\"widget\" data-widget_type=\"heading.default\">\n\t\t\t\t\t<h2 class=\"elementor-heading-title elementor-size-default\">Tratamentos com Cetamina<\/h2>\t\t\t\t<\/div>\n\t\t\t\t<div class=\"elementor-element elementor-element-2bf1455 elementor-widget-divider--view-line elementor-widget elementor-widget-divider\" data-id=\"2bf1455\" data-element_type=\"widget\" data-e-type=\"widget\" data-widget_type=\"divider.default\">\n\t\t\t\t\t\t\t<div class=\"elementor-divider\">\n\t\t\t<span class=\"elementor-divider-separator\">\n\t\t\t\t\t\t<\/span>\n\t\t<\/div>\n\t\t\t\t\t\t<\/div>\n\t\t\t\t\t<\/div>\n\t\t<\/div>\n\t\t\t\t\t<\/div>\n\t\t<\/section>\n\t\t\t\t<section class=\"elementor-section elementor-top-section elementor-element elementor-element-00e5cbf elementor-section-content-bottom elementor-section-boxed elementor-section-height-default elementor-section-height-default\" data-id=\"00e5cbf\" data-element_type=\"section\" data-e-type=\"section\" data-settings=\"{&quot;background_background&quot;:&quot;classic&quot;}\">\n\t\t\t\t\t\t<div class=\"elementor-container elementor-column-gap-default\">\n\t\t\t\t\t<div class=\"elementor-column elementor-col-100 elementor-top-column elementor-element elementor-element-3d1f7b4\" data-id=\"3d1f7b4\" data-element_type=\"column\" data-e-type=\"column\">\n\t\t\t<div class=\"elementor-widget-wrap elementor-element-populated\">\n\t\t\t\t\t\t<div class=\"elementor-element elementor-element-4244715 elementor-widget elementor-widget-heading\" data-id=\"4244715\" data-element_type=\"widget\" data-e-type=\"widget\" data-widget_type=\"heading.default\">\n\t\t\t\t\t<h2 class=\"elementor-heading-title elementor-size-default\">Depress\u00e3o Refrat\u00e1ria<\/h2>\t\t\t\t<\/div>\n\t\t\t\t<div class=\"elementor-element elementor-element-d676f5d elementor-widget-tablet__width-initial elementor-widget elementor-widget-text-editor\" data-id=\"d676f5d\" data-element_type=\"widget\" data-e-type=\"widget\" data-widget_type=\"text-editor.default\">\n\t\t\t\t\t\t\t\t\t<p>O primeiro passo para compreender a depress\u00e3o \u00e9 entender que n\u00e3o se trata de tristeza e sim de uma doen\u00e7a. Ela n\u00e3o \u00e9 uma fase na vida do indiv\u00edduo, \u00e9 um estado patol\u00f3gico.<\/p><p>A depress\u00e3o \u00e9 considerada pela Organiza\u00e7\u00e3o Mundial da Sa\u00fade (OMS) como o \u201cMal do S\u00e9culo\u201d, uma vez que 300 milh\u00f5es de pessoas sofrem do transtorno no mundo, um aumento de 18% em dez anos.<\/p><p>A depress\u00e3o \u00e9 uma doen\u00e7a que tem origem no c\u00e9rebro. As c\u00e9lulas que o formam s\u00e3o chamadas de neur\u00f4nios e sua comunica\u00e7\u00e3o \u00e9 feita por neurotransmissores. Ela acontece quando, por qualquer que seja o motivo, estes neurotransmissores s\u00e3o comprometidos e a comunica\u00e7\u00e3o entre os neur\u00f4nios falha. Uma s\u00e9rie de fatores pode causar estas altera\u00e7\u00f5es, como predisposi\u00e7\u00e3o gen\u00e9tica, personalidade melanc\u00f3lica, estresse, traumas, abuso de subst\u00e2ncias e algumas doen\u00e7as cerebrais.<\/p><p>Ela inicia com quadros de des\u00e2nimo, tristeza profunda, altera\u00e7\u00f5es no sono e apetite (para mais ou para menos), falta de desejo sexual, perda de interesse e lentid\u00e3o para realizar tarefas corriqueiras e choro excessivo.<\/p><p>Por\u00e9m, apenas cerca de 60 a 70% dos pacientes diagnosticados com depress\u00e3o respondem ao tratamento convencional com antidepressivos. Os quadros em que n\u00e3o h\u00e1 resposta s\u00e3o chamados de depress\u00e3o refrat\u00e1ria ou resistente.<\/p>\t\t\t\t\t\t\t\t<\/div>\n\t\t\t\t\t<\/div>\n\t\t<\/div>\n\t\t\t\t\t<\/div>\n\t\t<\/section>\n\t\t\t\t<section class=\"elementor-section elementor-top-section elementor-element elementor-element-f9bd2b2 elementor-section-boxed elementor-section-height-default elementor-section-height-default\" data-id=\"f9bd2b2\" data-element_type=\"section\" data-e-type=\"section\">\n\t\t\t\t\t\t<div class=\"elementor-container elementor-column-gap-default\">\n\t\t\t\t\t<div class=\"elementor-column elementor-col-100 elementor-top-column elementor-element elementor-element-5ab44b9\" data-id=\"5ab44b9\" data-element_type=\"column\" data-e-type=\"column\">\n\t\t\t<div class=\"elementor-widget-wrap elementor-element-populated\">\n\t\t\t\t\t\t<div class=\"elementor-element elementor-element-307b4c9 elementor-widget-divider--view-line elementor-widget elementor-widget-divider\" data-id=\"307b4c9\" data-element_type=\"widget\" data-e-type=\"widget\" data-widget_type=\"divider.default\">\n\t\t\t\t\t\t\t<div class=\"elementor-divider\">\n\t\t\t<span class=\"elementor-divider-separator\">\n\t\t\t\t\t\t<\/span>\n\t\t<\/div>\n\t\t\t\t\t\t<\/div>\n\t\t\t\t\t<\/div>\n\t\t<\/div>\n\t\t\t\t\t<\/div>\n\t\t<\/section>\n\t\t\t\t<section class=\"elementor-section elementor-top-section elementor-element elementor-element-9aadf31 elementor-section-content-bottom elementor-section-boxed elementor-section-height-default elementor-section-height-default\" data-id=\"9aadf31\" data-element_type=\"section\" data-e-type=\"section\" data-settings=\"{&quot;background_background&quot;:&quot;classic&quot;}\">\n\t\t\t\t\t\t<div class=\"elementor-container elementor-column-gap-default\">\n\t\t\t\t\t<div class=\"elementor-column elementor-col-100 elementor-top-column elementor-element elementor-element-8e444d4\" data-id=\"8e444d4\" data-element_type=\"column\" data-e-type=\"column\">\n\t\t\t<div class=\"elementor-widget-wrap elementor-element-populated\">\n\t\t\t\t\t\t<div class=\"elementor-element elementor-element-c032850 elementor-widget elementor-widget-heading\" data-id=\"c032850\" data-element_type=\"widget\" data-e-type=\"widget\" data-widget_type=\"heading.default\">\n\t\t\t\t\t<h2 class=\"elementor-heading-title elementor-size-default\">Dor Cr\u00f4nica<\/h2>\t\t\t\t<\/div>\n\t\t\t\t<div class=\"elementor-element elementor-element-208f7a9 elementor-widget-tablet__width-initial elementor-widget elementor-widget-text-editor\" data-id=\"208f7a9\" data-element_type=\"widget\" data-e-type=\"widget\" data-widget_type=\"text-editor.default\">\n\t\t\t\t\t\t\t\t\t<p>A infus\u00e3o intravenosa de cetamina tem se mostrado uma alternativa promissora no manejo de dores cr\u00f4nicas de dif\u00edcil controle, especialmente quando os tratamentos convencionais n\u00e3o trazem al\u00edvio adequado ou geram efeitos colaterais significativos.<\/p><p>Durante o procedimento, o paciente recebe a medica\u00e7\u00e3o por via endovenosa, em doses subanest\u00e9sicas (ou seja, bem abaixo das usadas em anestesia geral), sempre em ambiente monitorado e sob supervis\u00e3o m\u00e9dica especializada. A dura\u00e7\u00e3o e a frequ\u00eancia das infus\u00f5es variam de acordo com a condi\u00e7\u00e3o cl\u00ednica de cada paciente e sua resposta ao tratamento.<\/p><p>Acredita-se que o principal mecanismo de a\u00e7\u00e3o envolvido seja a modula\u00e7\u00e3o dos receptores NMDA, que est\u00e3o ligados \u00e0 sensibiliza\u00e7\u00e3o central \u2014 um processo no qual o sistema nervoso fica \u201chiperativo\u201d, amplificando a percep\u00e7\u00e3o da dor. Ao atuar nesses receptores, a cetamina pode ajudar a \u201creinicializar\u201d certos circuitos neurais, diminuindo a intensidade e a frequ\u00eancia da dor.<\/p><p>Esse tipo de abordagem pode beneficiar pacientes com:<\/p>\t\t\t\t\t\t\t\t<\/div>\n\t\t\t\t<div class=\"elementor-element elementor-element-6927045 elementor-widget-mobile__width-initial elementor-widget-tablet__width-initial elementor-widget elementor-widget-text-editor\" data-id=\"6927045\" data-element_type=\"widget\" data-e-type=\"widget\" data-widget_type=\"text-editor.default\">\n\t\t\t\t\t\t\t\t\t<p>\u2022 <strong>Dores neurop\u00e1ticas<br \/><\/strong>(como neuralgia do trig\u00eameo, dor p\u00f3s-herp\u00e9tica, dor diab\u00e9tica)<\/p><p><strong>\u2022 Fibromialgia<\/strong><\/p><p><strong>\u2022 S\u00edndrome complexa de dor regional (SDRC)<\/strong><\/p><p><strong>\u2022 Dor oncol\u00f3gica refrat\u00e1ria<\/strong><\/p><p><strong>\u2022 Enxaquecas cr\u00f4nicas e resistentes<\/strong><\/p><p><strong>\u2022 Dor p\u00f3s-cir\u00fargica persistente<\/strong><\/p><p><strong>\u2022 L\u00fapus, artrite reumatoide<br \/><\/strong>e outras doen\u00e7as autoimunes com componente doloroso cr\u00f4nico<\/p>\t\t\t\t\t\t\t\t<\/div>\n\t\t\t\t<div class=\"elementor-element elementor-element-658a332 elementor-widget-tablet__width-initial elementor-widget elementor-widget-text-editor\" data-id=\"658a332\" data-element_type=\"widget\" data-e-type=\"widget\" data-widget_type=\"text-editor.default\">\n\t\t\t\t\t\t\t\t\t<p>Al\u00e9m do efeito analg\u00e9sico, muitos pacientes tamb\u00e9m relatam melhora no sono, no humor e na disposi\u00e7\u00e3o geral ap\u00f3s o in\u00edcio das infus\u00f5es.<\/p><p>\u00c9 importante ressaltar que o tratamento com cetamina n\u00e3o substitui o acompanhamento multidisciplinar. Ele \u00e9 mais eficaz quando integrado a uma abordagem que envolva fisioterapia, suporte psicol\u00f3gico, reeduca\u00e7\u00e3o funcional e, quando indicado, ajustes medicamentosos.<\/p>\t\t\t\t\t\t\t\t<\/div>\n\t\t\t\t\t<\/div>\n\t\t<\/div>\n\t\t\t\t\t<\/div>\n\t\t<\/section>\n\t\t\t\t<\/div>\n\t\t","protected":false},"excerpt":{"rendered":"<p>Tratamentos com Cetamina Depress\u00e3o Refrat\u00e1ria O primeiro passo para compreender a depress\u00e3o \u00e9 entender que n\u00e3o se trata de tristeza e sim de uma doen\u00e7a. Ela n\u00e3o \u00e9 uma fase na vida do indiv\u00edduo, \u00e9 um estado patol\u00f3gico. A depress\u00e3o \u00e9 considerada pela Organiza\u00e7\u00e3o Mundial da Sa\u00fade (OMS) como o \u201cMal do S\u00e9culo\u201d, uma vez [&hellip;]<\/p>\n","protected":false},"author":2,"featured_media":0,"parent":0,"menu_order":0,"comment_status":"closed","ping_status":"closed","template":"elementor_header_footer","meta":{"footnotes":""},"class_list":["post-59","page","type-page","status-publish","hentry"],"_links":{"self":[{"href":"https:\/\/cetamina.trialtech.com.br\/index.php\/wp-json\/wp\/v2\/pages\/59","targetHints":{"allow":["GET"]}}],"collection":[{"href":"https:\/\/cetamina.trialtech.com.br\/index.php\/wp-json\/wp\/v2\/pages"}],"about":[{"href":"https:\/\/cetamina.trialtech.com.br\/index.php\/wp-json\/wp\/v2\/types\/page"}],"author":[{"embeddable":true,"href":"https:\/\/cetamina.trialtech.com.br\/index.php\/wp-json\/wp\/v2\/users\/2"}],"replies":[{"embeddable":true,"href":"https:\/\/cetamina.trialtech.com.br\/index.php\/wp-json\/wp\/v2\/comments?post=59"}],"version-history":[{"count":136,"href":"https:\/\/cetamina.trialtech.com.br\/index.php\/wp-json\/wp\/v2\/pages\/59\/revisions"}],"predecessor-version":[{"id":1058,"href":"https:\/\/cetamina.trialtech.com.br\/index.php\/wp-json\/wp\/v2\/pages\/59\/revisions\/1058"}],"wp:attachment":[{"href":"https:\/\/cetamina.trialtech.com.br\/index.php\/wp-json\/wp\/v2\/media?parent=59"}],"curies":[{"name":"wp","href":"https:\/\/api.w.org\/{rel}","templated":true}]}}